{"id":402,"date":"2020-01-13T11:18:53","date_gmt":"2020-01-13T04:18:53","guid":{"rendered":"https:\/\/trungsonlogistics.com\/?page_id=402"},"modified":"2024-09-12T21:15:47","modified_gmt":"2024-09-12T14:15:47","slug":"%e6%8e%a5%e8%a7%a6","status":"publish","type":"page","link":"https:\/\/trungson.lamtuanh.com\/zh-hans\/%e6%8e%a5%e8%a7%a6\/","title":{"rendered":"\u63a5\u89e6"},"content":{"rendered":"  <div id=\"page-header-1081635574\" class=\"page-header-wrapper\">\n  <div class=\"page-title dark featured-title\">\n\n        <div class=\"page-title-bg\">\n      <div class=\"title-bg fill bg-fill\"\n        data-parallax-container=\".page-title\"\n        data-parallax-background\n        data-parallax=\"-\">\n      <\/div>\n      <div class=\"title-overlay fill\"><\/div>\n    <\/div>\n    \n    <div class=\"page-title-inner container align-center flex-row medium-flex-wrap\" >\n              <div class=\"title-wrapper uppercase flex-col text-left medium-text-center\">\n          <h1 class=\"entry-title mb-0\">\n            \u63a5\u89e6          <\/h1>\n        <\/div>\n                <div class=\"page-title-sub op-7 flex-col ml medium-text-center\">\n          <p class=\"lead\">\u60a8\u7684\u8a62\u554f\uff0c\u6211\u5011\u7684\u670d\u52d9<\/p>\n        <\/div>\n                    <div class=\"title-content flex-col flex-right text-right medium-text-center\">\n        <div class=\"title-breadcrumbs pb-half pt-half\"><\/div>      <\/div>\n    <\/div>\n\n     \n<style>\n#page-header-1081635574 .page-title-inner {\n  min-height: 200px;\n}\n#page-header-1081635574 .title-bg {\n  background-image: url(https:\/\/trungson.lamtuanh.com\/wp-content\/uploads\/2024\/08\/lien-he-logistics-chuyen-nghiep.jpg);\n  background-position: 50% 0%;\n}\n@media (min-width:550px) {\n  #page-header-1081635574 .page-title-inner {\n    min-height: 300px;\n  }\n}\n@media (min-width:850px) {\n  #page-header-1081635574 .page-title-inner {\n    min-height: 400px;\n  }\n}\n<\/style>\n  <\/div>\n    <\/div>\n  \n\n\t<section class=\"section\" id=\"section_1648745252\">\n\t\t<div class=\"section-bg fill\" >\n\t\t\t<img loading=\"lazy\" decoding=\"async\" width=\"1920\" height=\"1200\" src=\"https:\/\/trungson.lamtuanh.com\/wp-content\/uploads\/2024\/08\/hinh-nen-dep.png\" class=\"bg attachment-original size-original\" alt=\"\" \/>\t\t\t\t\t\t\n\t\t\t\n\n\t\t<\/div>\n\n\t\t\n\n\t\t<div class=\"section-content relative\">\n\t\t\t\n\t<div id=\"gap-1049497386\" class=\"gap-element clearfix\" style=\"display:block; height:auto;\">\n\t\t\n<style>\n#gap-1049497386 {\n  padding-top: 30px;\n}\n<\/style>\n\t<\/div>\n\t\n<div class=\"row\"  id=\"row-865831157\">\n\n\t<div id=\"col-118002662\" class=\"col small-12 large-12\"  >\n\t\t\t\t<div class=\"col-inner\"  >\n\t\t\t\n\t\t\t\n<h4><strong>C\u00f4ng ty C\u1ed5 ph\u1ea7n T\u1eadp \u0111o\u00e0n Trung S\u01a1n<\/strong><\/h4>\n<p>\u0110\u1ecba ch\u1ec9: T\u00f2a nh\u00e0 AT Building, s\u1ed1 9 ng\u00f5 7 L\u00ea \u0110\u1ee9c Th\u1ecd, M\u1ef9 \u0110\u00ecnh 2, Nam T\u1eeb Li\u00eam, H\u00e0 N\u1ed9i<br \/>\n\u0110i\u1ec7n tho\u1ea1i: 0978 476 988<br \/>\nEmail: trungson.logistics@gmail.com<br \/>\nWebsite: trungsonlogistics.com<\/p>\n\t\t<\/div>\n\t\t\t\t\t<\/div>\n\n\t\n<\/div>\n<div class=\"row align-bottom\"  id=\"row-1314305535\">\n\n\t<div id=\"col-160177281\" class=\"col medium-6 small-12 large-6\"  >\n\t\t\t\t<div class=\"col-inner\"  >\n\t\t\t\n\t\t\t\n\n<div class=\"wpcf7 no-js\" id=\"wpcf7-f372-o1\" lang=\"zh-CN\" dir=\"ltr\">\n<div class=\"screen-reader-response\"><p role=\"status\" aria-live=\"polite\" aria-atomic=\"true\"><\/p> <ul><\/ul><\/div>\n<form action=\"\/zh-hans\/wp-json\/wp\/v2\/pages\/402#wpcf7-f372-o1\" method=\"post\" class=\"wpcf7-form init\" aria-label=\"\u7559\u8a00\u8868\u5355\" novalidate=\"novalidate\" data-status=\"init\">\n<div style=\"display: none;\">\n<input type=\"hidden\" name=\"_wpcf7\" value=\"372\" \/>\n<input type=\"hidden\" name=\"_wpcf7_version\" value=\"5.9.8\" \/>\n<input type=\"hidden\" name=\"_wpcf7_locale\" value=\"zh_CN\" \/>\n<input type=\"hidden\" name=\"_wpcf7_unit_tag\" value=\"wpcf7-f372-o1\" \/>\n<input type=\"hidden\" name=\"_wpcf7_container_post\" value=\"0\" \/>\n<input type=\"hidden\" name=\"_wpcf7_posted_data_hash\" value=\"\" \/>\n<\/div>\n<div style=\"display: none\"><p><span class=\"wpcf7-form-control-wrap\" data-name=\"univn\"><input size=\"40\" class=\"wpcf7-form-control wpcf7-text\" aria-invalid=\"false\" value=\"\" type=\"text\" name=\"univn\"><\/span><\/p><\/div><div class=\"row row-small\">\n\t<div class=\"col large-6 pb-0\">\n\t\t<p><span class=\"wpcf7-form-control-wrap\" data-name=\"your-name\"><input size=\"40\" maxlength=\"400\" class=\"wpcf7-form-control wpcf7-text wpcf7-validates-as-required form-control\" aria-required=\"true\" aria-invalid=\"false\" placeholder=\"\u59d3\u540d\" value=\"\" type=\"text\" name=\"your-name\" \/><\/span>\n\t\t<\/p>\n\t<\/div>\n\t<div class=\"col large-6 pb-0\">\n\t\t<p><span class=\"wpcf7-form-control-wrap\" data-name=\"your-tel\"><input size=\"40\" maxlength=\"400\" class=\"wpcf7-form-control wpcf7-tel wpcf7-validates-as-required wpcf7-text wpcf7-validates-as-tel form-control\" aria-required=\"true\" aria-invalid=\"false\" placeholder=\"\u7535\u8bdd\u53f7\u7801\" value=\"\" type=\"tel\" name=\"your-tel\" \/><\/span>\n\t\t<\/p>\n\t<\/div>\n<\/div>\n<div class=\"form-group\">\n\t<p><span class=\"wpcf7-form-control-wrap\" data-name=\"your-email\"><input size=\"40\" maxlength=\"400\" class=\"wpcf7-form-control wpcf7-email wpcf7-text wpcf7-validates-as-email form-control\" aria-invalid=\"false\" placeholder=\"\u7535\u5b50\u90ae\u4ef6\" value=\"\" type=\"email\" name=\"your-email\" \/><\/span>\n\t<\/p>\n<\/div>\n<div class=\"form-group\">\n\t<p><span class=\"wpcf7-form-control-wrap\" data-name=\"your-subject\"><input size=\"40\" maxlength=\"400\" class=\"wpcf7-form-control wpcf7-text form-control\" aria-invalid=\"false\" placeholder=\"\u65f6\u95f4\" value=\"\" type=\"text\" name=\"your-subject\" \/><\/span>\n\t<\/p>\n<\/div>\n<div class=\"form-group\">\n\t<p><span class=\"wpcf7-form-control-wrap\" data-name=\"your-message\"><textarea cols=\"40\" rows=\"10\" maxlength=\"2000\" class=\"wpcf7-form-control wpcf7-textarea form-control\" aria-invalid=\"false\" placeholder=\"\u7b14\u8bb0\" name=\"your-message\"><\/textarea><\/span>\n\t<\/p>\n<\/div>\n<div class=\"form-group\">\n\t<p><input class=\"wpcf7-form-control wpcf7-submit has-spinner button primary mb-0 lowercase\" type=\"submit\" value=\"\u53d1\u9001\" \/>\n\t<\/p>\n<\/div><div class=\"wpcf7-response-output\" aria-hidden=\"true\"><\/div>\n<\/form>\n<\/div>\n\n\t\t<\/div>\n\t\t\t\t\t<\/div>\n\n\t\n\n\t<div id=\"col-1663352689\" class=\"col medium-6 small-12 large-6\"  >\n\t\t\t\t<div class=\"col-inner\"  >\n\t\t\t\n\t\t\t\n\t<div class=\"img has-hover x md-x lg-x y md-y lg-y\" id=\"image_786120974\">\n\t\t\t\t\t\t\t\t<div class=\"img-inner dark\" >\n\t\t\t<img loading=\"lazy\" decoding=\"async\" width=\"400\" height=\"559\" src=\"https:\/\/trungson.lamtuanh.com\/wp-content\/uploads\/2024\/08\/lien-he-400x559-1.png\" class=\"attachment-large size-large\" alt=\"\" srcset=\"https:\/\/trungson.lamtuanh.com\/wp-content\/uploads\/2024\/08\/lien-he-400x559-1.png 400w, https:\/\/trungson.lamtuanh.com\/wp-content\/uploads\/2024\/08\/lien-he-400x559-1-215x300.png 215w\" sizes=\"(max-width: 400px) 100vw, 400px\" \/>\t\t\t\t\t\t\n\t\t\t\t\t<\/div>\n\t\t\t\t\t\t\t\t\n<style>\n#image_786120974 {\n  width: 100%;\n}\n<\/style>\n\t<\/div>\n\t\n\t\t<\/div>\n\t\t\t\t\n<style>\n#col-1663352689 > .col-inner {\n  padding: 0px 20% 0px 20%;\n}\n<\/style>\n\t<\/div>\n\n\t\n<\/div>\n\t<div id=\"gap-822624253\" class=\"gap-element clearfix\" style=\"display:block; height:auto;\">\n\t\t\n<style>\n#gap-822624253 {\n  padding-top: 30px;\n}\n<\/style>\n\t<\/div>\n\t\n<div class=\"row\"  id=\"row-326672378\">\n\n\t<div id=\"col-1761890351\" class=\"col small-12 large-12\"  >\n\t\t\t\t<div class=\"col-inner\"  >\n\t\t\t\n\t\t\t\n\t<div id=\"text-2042183958\" class=\"text\">\n\t\t\n<h2>Tr\u00ean Google Map<\/h2>\n\t\t\n<style>\n#text-2042183958 {\n  text-align: center;\n}\n<\/style>\n\t<\/div>\n\t\n\n<p><iframe loading=\"lazy\" style=\"border: 0;\" src=\"https:\/\/www.google.com\/maps\/embed?pb=!1m18!1m12!1m3!1d2758.552071962032!2d105.77116719199178!3d21.03459176483997!2m3!1f0!2f0!3f0!3m2!1i1024!2i768!4f13.1!3m3!1m2!1s0x31345582686d9c39%3A0xb2cac3c720612c37!2zSGFub2kgT2ZmaWNlIC0gVsSDbiBwaMOybmcg4bqjbyAtIFbEg24gcGjDsm5nIGNoaWEgc-G6uyAtIEFUIEJ1aWxkaW5n!5e0!3m2!1svi!2s!4v1724381059609!5m2!1svi!2s\" width=\"100%\" height=\"450\" allowfullscreen=\"allowfullscreen\" data-mce-fragment=\"1\"><\/iframe><br \/>\n\n\t\t<\/div>\n\t\t\t\t\t<\/div>\n\n\t\n<\/div>\n\t\t<\/div>\n\n\t\t\n<style>\n#section_1648745252 {\n  padding-top: 30px;\n  padding-bottom: 30px;\n}\n#section_1648745252 .section-bg img {\n  object-position: 50% 100%;\n}\n<\/style>\n\t<\/section>\n\t\n","protected":false},"excerpt":{"rendered":"","protected":false},"author":1,"featured_media":0,"parent":0,"menu_order":0,"comment_status":"closed","ping_status":"closed","template":"page-blank.php","meta":{"rank_math_lock_modified_date":false,"footnotes":""},"class_list":["post-402","page","type-page","status-publish","hentry"],"_links":{"self":[{"href":"https:\/\/trungson.lamtuanh.com\/zh-hans\/wp-json\/wp\/v2\/pages\/402"}],"collection":[{"href":"https:\/\/trungson.lamtuanh.com\/zh-hans\/wp-json\/wp\/v2\/pages"}],"about":[{"href":"https:\/\/trungson.lamtuanh.com\/zh-hans\/wp-json\/wp\/v2\/types\/page"}],"author":[{"embeddable":true,"href":"https:\/\/trungson.lamtuanh.com\/zh-hans\/wp-json\/wp\/v2\/users\/1"}],"replies":[{"embeddable":true,"href":"https:\/\/trungson.lamtuanh.com\/zh-hans\/wp-json\/wp\/v2\/comments?post=402"}],"version-history":[{"count":2,"href":"https:\/\/trungson.lamtuanh.com\/zh-hans\/wp-json\/wp\/v2\/pages\/402\/revisions"}],"predecessor-version":[{"id":499,"href":"https:\/\/trungson.lamtuanh.com\/zh-hans\/wp-json\/wp\/v2\/pages\/402\/revisions\/499"}],"wp:attachment":[{"href":"https:\/\/trungson.lamtuanh.com\/zh-hans\/wp-json\/wp\/v2\/media?parent=402"}],"curies":[{"name":"wp","href":"https:\/\/api.w.org\/{rel}","templated":true}]}}